{"id":34,"date":"2022-08-27T05:48:55","date_gmt":"2022-08-27T11:48:55","guid":{"rendered":"https:\/\/kodesolution.com\/2022\/fesho\/?page_id=34"},"modified":"2024-09-25T10:28:08","modified_gmt":"2024-09-25T16:28:08","slug":"contact-us","status":"publish","type":"page","link":"https:\/\/softsecurityware.com\/en\/contact-us\/","title":{"rendered":"Contact Us"},"content":{"rendered":"\t\t<div data-elementor-type=\"wp-page\" data-elementor-id=\"34\" class=\"elementor elementor-34\" data-elementor-post-type=\"page\">\n\t\t\t\t\t\t<section class=\"elementor-section elementor-top-section elementor-element elementor-element-dfb792f elementor-section-stretched elementor-section-boxed elementor-section-height-default elementor-section-height-default tm-col-stretched-none tm-bg-color-over-image\" data-id=\"dfb792f\" data-element_type=\"section\" data-e-type=\"section\" data-settings=\"{&quot;stretch_section&quot;:&quot;section-stretched&quot;}\">\n\t\t\t\t\t\t<div class=\"elementor-container elementor-column-gap-extended\">\n\t\t\t\t\t<div class=\"elementor-column elementor-col-33 elementor-top-column elementor-element elementor-element-41e92bd tm-bg-color-over-image\" data-id=\"41e92bd\" data-element_type=\"column\" data-e-type=\"column\" data-settings=\"{&quot;background_background&quot;:&quot;classic&quot;}\">\n\t\t\t<div class=\"elementor-widget-wrap elementor-element-populated\">\n\t\t\t\t\t\t<div class=\"elementor-element elementor-element-6208e1e elementor-widget elementor-widget-heading\" data-id=\"6208e1e\" data-element_type=\"widget\" data-e-type=\"widget\" data-widget_type=\"heading.default\">\n\t\t\t\t<div class=\"elementor-widget-container\">\n\t\t\t\t\t<h2 class=\"elementor-heading-title elementor-size-default\">\u00bfTiene preguntas o inquietudes?\n\n<\/h2>\t\t\t\t<\/div>\n\t\t\t\t<\/div>\n\t\t\t\t<div class=\"elementor-element elementor-element-eafb940 elementor-widget elementor-widget-text-editor\" data-id=\"eafb940\" data-element_type=\"widget\" data-e-type=\"widget\" data-widget_type=\"text-editor.default\">\n\t\t\t\t<div class=\"elementor-widget-container\">\n\t\t\t\t\t\t\t\t\t<p>Por favor, rellene este formulario. Si tiene alguna pregunta, no dude en contactarnos.<\/p>\t\t\t\t\t\t\t\t<\/div>\n\t\t\t\t<\/div>\n\t\t\t\t<div class=\"elementor-element elementor-element-8df3ee5 elementor-button-align-stretch elementor-widget elementor-widget-form\" data-id=\"8df3ee5\" data-element_type=\"widget\" data-e-type=\"widget\" data-settings=\"{&quot;step_next_label&quot;:&quot;Next&quot;,&quot;step_previous_label&quot;:&quot;Previous&quot;,&quot;button_width&quot;:&quot;100&quot;,&quot;step_type&quot;:&quot;number_text&quot;,&quot;step_icon_shape&quot;:&quot;circle&quot;}\" data-widget_type=\"form.default\">\n\t\t\t\t<div class=\"elementor-widget-container\">\n\t\t\t\t\t\t\t<form class=\"elementor-form\" method=\"post\" name=\"New Form\" aria-label=\"New Form\">\n\t\t\t<input type=\"hidden\" name=\"post_id\" value=\"34\"\/>\n\t\t\t<input type=\"hidden\" name=\"form_id\" value=\"8df3ee5\"\/>\n\t\t\t<input type=\"hidden\" name=\"referer_title\" value=\"Cont\u00e1ctenos\" \/>\n\n\t\t\t\t\t\t\t<input type=\"hidden\" name=\"queried_id\" value=\"34\"\/>\n\t\t\t\n\t\t\t<div class=\"elementor-form-fields-wrapper elementor-labels-above\">\n\t\t\t\t\t\t\t\t<div class=\"elementor-field-type-text elementor-field-group elementor-column elementor-field-group-name elementor-col-50\">\n\t\t\t\t\t\t\t\t\t\t\t\t<label for=\"form-field-name\" class=\"elementor-field-label\">\n\t\t\t\t\t\t\t\tNombre\t\t\t\t\t\t\t<\/label>\n\t\t\t\t\t\t\t\t\t\t\t\t\t\t<input size=\"1\" type=\"text\" name=\"form_fields[name]\" id=\"form-field-name\" class=\"elementor-field elementor-size-sm  elementor-field-textual\" placeholder=\"Nombre\">\n\t\t\t\t\t\t\t\t\t\t\t<\/div>\n\t\t\t\t\t\t\t\t<div class=\"elementor-field-type-email elementor-field-group elementor-column elementor-field-group-email elementor-col-50 elementor-field-required\">\n\t\t\t\t\t\t\t\t\t\t\t\t<label for=\"form-field-email\" class=\"elementor-field-label\">\n\t\t\t\t\t\t\t\tEmail\t\t\t\t\t\t\t<\/label>\n\t\t\t\t\t\t\t\t\t\t\t\t\t\t<input size=\"1\" type=\"email\" name=\"form_fields[email]\" id=\"form-field-email\" class=\"elementor-field elementor-size-sm  elementor-field-textual\" placeholder=\"Email\" required=\"required\">\n\t\t\t\t\t\t\t\t\t\t\t<\/div>\n\t\t\t\t\t\t\t\t<div class=\"elementor-field-type-text elementor-field-group elementor-column elementor-field-group-field_df86d5a elementor-col-50\">\n\t\t\t\t\t\t\t\t\t\t\t\t<label for=\"form-field-field_df86d5a\" class=\"elementor-field-label\">\n\t\t\t\t\t\t\t\tTel\u00e9fono\t\t\t\t\t\t\t<\/label>\n\t\t\t\t\t\t\t\t\t\t\t\t\t\t<input size=\"1\" type=\"text\" name=\"form_fields[field_df86d5a]\" id=\"form-field-field_df86d5a\" class=\"elementor-field elementor-size-sm  elementor-field-textual\" placeholder=\"Tel\u00e9fono\">\n\t\t\t\t\t\t\t\t\t\t\t<\/div>\n\t\t\t\t\t\t\t\t<div class=\"elementor-field-type-text elementor-field-group elementor-column elementor-field-group-field_2d39852 elementor-col-50\">\n\t\t\t\t\t\t\t\t\t\t\t\t<label for=\"form-field-field_2d39852\" class=\"elementor-field-label\">\n\t\t\t\t\t\t\t\tPa\u00eds\t\t\t\t\t\t\t<\/label>\n\t\t\t\t\t\t\t\t\t\t\t\t\t\t<input size=\"1\" type=\"text\" name=\"form_fields[field_2d39852]\" id=\"form-field-field_2d39852\" class=\"elementor-field elementor-size-sm  elementor-field-textual\" placeholder=\"Pa\u00eds\">\n\t\t\t\t\t\t\t\t\t\t\t<\/div>\n\t\t\t\t\t\t\t\t<div class=\"elementor-field-type-select elementor-field-group elementor-column elementor-field-group-field_695964f elementor-col-50\">\n\t\t\t\t\t\t\t\t\t\t\t\t<label for=\"form-field-field_695964f\" class=\"elementor-field-label\">\n\t\t\t\t\t\t\t\t\u00bfC\u00f3mo podemos ayudarle?\t\t\t\t\t\t\t<\/label>\n\t\t\t\t\t\t\t\t<div class=\"elementor-field elementor-select-wrapper remove-before \">\n\t\t\t<div class=\"select-caret-down-wrapper\">\n\t\t\t\t<i aria-hidden=\"true\" class=\"eicon-caret-down\"><\/i>\t\t\t<\/div>\n\t\t\t<select name=\"form_fields[field_695964f]\" id=\"form-field-field_695964f\" class=\"elementor-field-textual elementor-size-sm\">\n\t\t\t\t\t\t\t\t\t<option value=\"Ayuda\">Ayuda<\/option>\n\t\t\t\t\t\t\t\t\t<option value=\"Consulta\">Consulta<\/option>\n\t\t\t\t\t\t\t\t\t<option value=\"Otro\">Otro<\/option>\n\t\t\t\t\t\t\t\t\t<option value=\"\"><\/option>\n\t\t\t\t\t\t\t<\/select>\n\t\t<\/div>\n\t\t\t\t\t\t<\/div>\n\t\t\t\t\t\t\t\t<div class=\"elementor-field-type-select elementor-field-group elementor-column elementor-field-group-field_63751e1 elementor-col-50\">\n\t\t\t\t\t\t\t\t\t\t\t\t<label for=\"form-field-field_63751e1\" class=\"elementor-field-label\">\n\t\t\t\t\t\t\t\tRaz\u00f3n de cont\u00e1cto\t\t\t\t\t\t\t<\/label>\n\t\t\t\t\t\t\t\t<div class=\"elementor-field elementor-select-wrapper remove-before \">\n\t\t\t<div class=\"select-caret-down-wrapper\">\n\t\t\t\t<i aria-hidden=\"true\" class=\"eicon-caret-down\"><\/i>\t\t\t<\/div>\n\t\t\t<select name=\"form_fields[field_63751e1]\" id=\"form-field-field_63751e1\" class=\"elementor-field-textual elementor-size-sm\">\n\t\t\t\t\t\t\t\t\t<option value=\"Consulta sobre productos y servicios\">Consulta sobre productos y servicios<\/option>\n\t\t\t\t\t\t\t\t\t<option value=\"Incidencias\">Incidencias<\/option>\n\t\t\t\t\t\t\t\t\t<option value=\"Facturaci\u00f3n\">Facturaci\u00f3n<\/option>\n\t\t\t\t\t\t\t\t\t<option value=\"Atenci\u00f3n al cliente\">Atenci\u00f3n al cliente<\/option>\n\t\t\t\t\t\t\t\t\t<option value=\"Otros\">Otros<\/option>\n\t\t\t\t\t\t\t\t\t<option value=\"\"><\/option>\n\t\t\t\t\t\t\t<\/select>\n\t\t<\/div>\n\t\t\t\t\t\t<\/div>\n\t\t\t\t\t\t\t\t<div class=\"elementor-field-type-textarea elementor-field-group elementor-column elementor-field-group-message elementor-col-100\">\n\t\t\t\t\t\t\t\t\t\t\t\t<label for=\"form-field-message\" class=\"elementor-field-label\">\n\t\t\t\t\t\t\t\tMensaje\t\t\t\t\t\t\t<\/label>\n\t\t\t\t\t\t<textarea class=\"elementor-field-textual elementor-field  elementor-size-sm\" name=\"form_fields[message]\" id=\"form-field-message\" rows=\"4\" placeholder=\"Mensaje\"><\/textarea>\t\t\t\t<\/div>\n\t\t\t\t\t\t\t\t<div class=\"elementor-field-type-acceptance elementor-field-group elementor-column elementor-field-group-field_86cc14e elementor-col-100\">\n\t\t\t\t\t\t\t<div class=\"elementor-field-subgroup\">\n\t\t\t<span class=\"elementor-field-option\">\n\t\t\t\t<input type=\"checkbox\" name=\"form_fields[field_86cc14e]\" id=\"form-field-field_86cc14e\" class=\"elementor-field elementor-size-sm  elementor-acceptance-field\">\n\t\t\t\t<label for=\"form-field-field_86cc14e\">Me gustar\u00eda que me llamara un representante de ventas. <\/label>\t\t\t<\/span>\n\t\t<\/div>\n\t\t\t\t\t\t<\/div>\n\t\t\t\t\t\t\t\t<div class=\"elementor-field-type-recaptcha elementor-field-group elementor-column elementor-field-group-field_4851134 elementor-col-100\">\n\t\t\t\t\t<div class=\"elementor-field\" id=\"form-field-field_4851134\"><div class=\"elementor-g-recaptcha\" data-sitekey=\"6Lfe3UUlAAAAAGjX9wOibcm9orjYNeyl51-tSvqK\" data-type=\"v2_checkbox\" data-theme=\"light\" data-size=\"normal\"><\/div><\/div>\t\t\t\t<\/div>\n\t\t\t\t\t\t\t\t<div class=\"elementor-field-group elementor-column elementor-field-type-submit elementor-col-100 e-form__buttons\">\n\t\t\t\t\t<button class=\"elementor-button elementor-size-sm\" type=\"submit\">\n\t\t\t\t\t\t<span class=\"elementor-button-content-wrapper\">\n\t\t\t\t\t\t\t\t\t\t\t\t\t\t\t\t\t\t\t\t\t\t<span class=\"elementor-button-text\">Enviar<\/span>\n\t\t\t\t\t\t\t\t\t\t\t\t\t<\/span>\n\t\t\t\t\t<\/button>\n\t\t\t\t<\/div>\n\t\t\t<\/div>\n\t\t<\/form>\n\t\t\t\t\t\t<\/div>\n\t\t\t\t<\/div>\n\t\t\t\t\t<\/div>\n\t\t<\/div>\n\t\t\t\t<div class=\"elementor-column elementor-col-33 elementor-top-column elementor-element elementor-element-e507c92 tm-bg-color-over-image\" data-id=\"e507c92\" data-element_type=\"column\" data-e-type=\"column\">\n\t\t\t<div class=\"elementor-widget-wrap\">\n\t\t\t\t\t\t\t<\/div>\n\t\t<\/div>\n\t\t\t\t<div class=\"elementor-column elementor-col-33 elementor-top-column elementor-element elementor-element-8f3fe8b tm-bg-color-over-image\" data-id=\"8f3fe8b\" data-element_type=\"column\" data-e-type=\"column\">\n\t\t\t<div class=\"elementor-widget-wrap elementor-element-populated\">\n\t\t\t\t\t\t<div class=\"elementor-element elementor-element-6f29900 elementor-widget elementor-widget-tm-ele-iconbox\" data-id=\"6f29900\" data-element_type=\"widget\" data-e-type=\"widget\" data-widget_type=\"tm-ele-iconbox.default\">\n\t\t\t\t<div class=\"elementor-widget-container\">\n\t\t\t\t\t<div class=\"tm-sc-icon-box icon-box icon-left tm-iconbox-icontype-font-icon icon-default icon-position-icon-left animate-icon-on-hover animate-icon-scale\" >\r\n\t\r\n  \t<div class=\"icon-box-wrapper\">\r\n\t\t\r\n\t\t<div class=\"icon-wrapper\">\r\n\t\t<a class=\"icon icon-type-font-icon icon-size-default icon-default-bg icon-default\"\r\n\r\n\t\t\t\t\t\t\t\t>\r\n\t\t\t<i aria-hidden=\"true\" class=\"fas fa-globe\"><\/i>\t\t<\/a>\r\n\r\n\t\t\t<\/div>\r\n\t\t\t<div class=\"icon-text\">\r\n\t\t\t\t\t\t\r\n\t\t\t\t<h5 class=\"icon-box-title \">\r\n\t\t\t\t\t\t\tDirecci\u00f3n\t\t\t\t\t<\/h5>\r\n\t\t\t\t\t<div class=\"content\"><p>Espa\u00f1a, Calle Gran v\u00eda, 6 (28013), Madrid<\/p><\/div>\r\n\t\t\t\t\t\t\r\n\t\t\t\r\n\t\r\n\t\t\t\t\t<\/div>\r\n\t\t<div class=\"clearfix\"><\/div>\r\n\t<\/div>\r\n<\/div>\t\t\t\t<\/div>\n\t\t\t\t<\/div>\n\t\t\t\t<div class=\"elementor-element elementor-element-0daaedd elementor-widget elementor-widget-tm-ele-iconbox\" data-id=\"0daaedd\" data-element_type=\"widget\" data-e-type=\"widget\" data-widget_type=\"tm-ele-iconbox.default\">\n\t\t\t\t<div class=\"elementor-widget-container\">\n\t\t\t\t\t<div class=\"tm-sc-icon-box icon-box icon-left tm-iconbox-icontype-font-icon icon-default icon-position-icon-left animate-icon-on-hover animate-icon-scale\" >\r\n\t\r\n  \t<div class=\"icon-box-wrapper\">\r\n\t\t\r\n\t\t<div class=\"icon-wrapper\">\r\n\t\t<a class=\"icon icon-type-font-icon icon-size-default icon-default-bg icon-default\"\r\n\r\n\t\t\t\t\t\t\t\t>\r\n\t\t\t<i aria-hidden=\"true\" class=\"fas fa-envelope\"><\/i>\t\t<\/a>\r\n\r\n\t\t\t<\/div>\r\n\t\t\t<div class=\"icon-text\">\r\n\t\t\t\t\t\t\r\n\t\t\t\t<h5 class=\"icon-box-title \">\r\n\t\t\t\t\t\t\tEmail\t\t\t\t\t<\/h5>\r\n\t\t\t\t\t<div class=\"content\"><p>info@softsecurityware.com<\/p><\/div>\r\n\t\t\t\t\t\t\r\n\t\t\t\r\n\t\r\n\t\t\t\t\t<\/div>\r\n\t\t<div class=\"clearfix\"><\/div>\r\n\t<\/div>\r\n<\/div>\t\t\t\t<\/div>\n\t\t\t\t<\/div>\n\t\t\t\t<div class=\"elementor-element elementor-element-6a1b941 elementor-widget elementor-widget-tm-ele-iconbox\" data-id=\"6a1b941\" data-element_type=\"widget\" data-e-type=\"widget\" data-widget_type=\"tm-ele-iconbox.default\">\n\t\t\t\t<div class=\"elementor-widget-container\">\n\t\t\t\t\t<div class=\"tm-sc-icon-box icon-box icon-left tm-iconbox-icontype-font-icon icon-default icon-position-icon-left animate-icon-on-hover animate-icon-scale\" >\r\n\t\r\n  \t<div class=\"icon-box-wrapper\">\r\n\t\t\r\n\t\t<div class=\"icon-wrapper\">\r\n\t\t<a class=\"icon icon-type-font-icon icon-size-default icon-default-bg icon-default\"\r\n\r\n\t\t\t\t\t\t\t\t>\r\n\t\t\t<i aria-hidden=\"true\" class=\" flaticon-common-call\"><\/i>\t\t<\/a>\r\n\r\n\t\t\t<\/div>\r\n\t\t\t<div class=\"icon-text\">\r\n\t\t\t\t\t\t\r\n\t\t\t\t<h5 class=\"icon-box-title \">\r\n\t\t\t\t\t\t\tTel\u00e9fono\t\t\t\t\t<\/h5>\r\n\t\t\t\t\t<div class=\"content\"><p>+34 914 18 45 18<\/p><\/div>\r\n\t\t\t\t\t\t\r\n\t\t\t\r\n\t\r\n\t\t\t\t\t<\/div>\r\n\t\t<div class=\"clearfix\"><\/div>\r\n\t<\/div>\r\n<\/div>\t\t\t\t<\/div>\n\t\t\t\t<\/div>\n\t\t\t\t\t<\/div>\n\t\t<\/div>\n\t\t\t\t\t<\/div>\n\t\t<\/section>\n\t\t\t\t<section class=\"elementor-section elementor-top-section elementor-element elementor-element-9611524 elementor-hidden-desktop elementor-hidden-tablet elementor-hidden-mobile elementor-section-boxed elementor-section-height-default elementor-section-height-default tm-col-stretched-none tm-bg-color-over-image\" data-id=\"9611524\" data-element_type=\"section\" data-e-type=\"section\">\n\t\t\t\t\t\t<div class=\"elementor-container elementor-column-gap-default\">\n\t\t\t\t\t<div class=\"elementor-column elementor-col-100 elementor-top-column elementor-element elementor-element-d4129ab tm-bg-color-over-image\" data-id=\"d4129ab\" data-element_type=\"column\" data-e-type=\"column\">\n\t\t\t<div class=\"elementor-widget-wrap elementor-element-populated\">\n\t\t\t\t\t\t<div class=\"elementor-element elementor-element-c457146 elementor-widget elementor-widget-text-editor\" data-id=\"c457146\" data-element_type=\"widget\" data-e-type=\"widget\" data-widget_type=\"text-editor.default\">\n\t\t\t\t<div class=\"elementor-widget-container\">\n\t\t\t\t\t\t\t\t\t<div><div>Nuevo mensaje de Security New Software<\/div><div><span>Estimado\/a<\/span><\/div><div><div><div><span>Gracias por contactarnos en Security New Software.<\/span><\/div><div><div><div><span>Hemos recibido su mensaje y nuestro equipo se pondr\u00e1 en contacto con usted a la brevedad.<\/span><\/div><div><div><div><span>Mientras tanto, le invitamos a conocer m\u00e1s sobre nuestros servicios de ciberinteligencia y seguridad de sistemas cr\u00edticos visitando nuestra p\u00e1gina de<\/span><\/div><div><div><div><span>servicios<\/span><\/div><div><div><div><span>Atentamente,<\/span><\/div><div><div><div><span>El equipo de Security New Software<\/span><\/div><\/div><\/div><\/div><\/div><\/div><\/div><\/div><\/div><\/div><\/div><\/div><\/div><\/div>\t\t\t\t\t\t\t\t<\/div>\n\t\t\t\t<\/div>\n\t\t\t\t\t<\/div>\n\t\t<\/div>\n\t\t\t\t\t<\/div>\n\t\t<\/section>\n\t\t\t\t<\/div>\n\t\t","protected":false},"excerpt":{"rendered":"<p>\u00bfTiene preguntas o inquietudes? Por favor, rellene este formulario. Si tiene alguna pregunta, no dude en contactarnos. Direcci\u00f3n Espa\u00f1a, Calle&#8230;<\/p>","protected":false},"author":4,"featured_media":12589,"parent":0,"menu_order":0,"comment_status":"closed","ping_status":"closed","template":"","meta":{"footnotes":""},"class_list":["post-34","page","type-page","status-publish","has-post-thumbnail","hentry"],"_links":{"self":[{"href":"https:\/\/softsecurityware.com\/en\/wp-json\/wp\/v2\/pages\/34","targetHints":{"allow":["GET"]}}],"collection":[{"href":"https:\/\/softsecurityware.com\/en\/wp-json\/wp\/v2\/pages"}],"about":[{"href":"https:\/\/softsecurityware.com\/en\/wp-json\/wp\/v2\/types\/page"}],"author":[{"embeddable":true,"href":"https:\/\/softsecurityware.com\/en\/wp-json\/wp\/v2\/users\/4"}],"replies":[{"embeddable":true,"href":"https:\/\/softsecurityware.com\/en\/wp-json\/wp\/v2\/comments?post=34"}],"version-history":[{"count":49,"href":"https:\/\/softsecurityware.com\/en\/wp-json\/wp\/v2\/pages\/34\/revisions"}],"predecessor-version":[{"id":38611,"href":"https:\/\/softsecurityware.com\/en\/wp-json\/wp\/v2\/pages\/34\/revisions\/38611"}],"wp:featuredmedia":[{"embeddable":true,"href":"https:\/\/softsecurityware.com\/en\/wp-json\/wp\/v2\/media\/12589"}],"wp:attachment":[{"href":"https:\/\/softsecurityware.com\/en\/wp-json\/wp\/v2\/media?parent=34"}],"curies":[{"name":"wp","href":"https:\/\/api.w.org\/{rel}","templated":true}]}}