{"id":37777,"date":"2023-03-28T14:38:02","date_gmt":"2023-03-28T20:38:02","guid":{"rendered":"https:\/\/softsecurityware.com\/?page_id=37777"},"modified":"2024-09-25T10:48:39","modified_gmt":"2024-09-25T16:48:39","slug":"join-up","status":"publish","type":"page","link":"https:\/\/softsecurityware.com\/en\/join-up\/","title":{"rendered":"Join us"},"content":{"rendered":"\t\t<div data-elementor-type=\"wp-page\" data-elementor-id=\"37777\" class=\"elementor elementor-37777\" data-elementor-post-type=\"page\">\n\t\t\t\t\t\t<section class=\"elementor-section elementor-top-section elementor-element elementor-element-bee20d2 elementor-section-full_width elementor-section-stretched elementor-section-height-default elementor-section-height-default tm-col-stretched-none tm-bg-color-over-image\" data-id=\"bee20d2\" data-element_type=\"section\" data-e-type=\"section\" data-settings=\"{&quot;stretch_section&quot;:&quot;section-stretched&quot;}\">\n\t\t\t\t\t\t<div class=\"elementor-container elementor-column-gap-no\">\n\t\t\t\t\t<div class=\"elementor-column elementor-col-100 elementor-top-column elementor-element elementor-element-555361a tm-bg-color-over-image\" data-id=\"555361a\" data-element_type=\"column\" data-e-type=\"column\">\n\t\t\t<div class=\"elementor-widget-wrap elementor-element-populated\">\n\t\t\t\t\t\t<div class=\"elementor-element elementor-element-094e33c elementor-widget__width-auto elementor-absolute elementor-widget elementor-widget-tm-ele-animated-layers\" data-id=\"094e33c\" data-element_type=\"widget\" data-e-type=\"widget\" data-settings=\"{&quot;_position&quot;:&quot;absolute&quot;}\" data-widget_type=\"tm-ele-animated-layers.default\">\n\t\t\t\t<div class=\"elementor-widget-container\">\n\t\t\t\t\t\t\t<div class=\"tm-sc-animated-layer-advanced \">\r\n\t\t\t<div class=\"animated-layer-advanced-inner clearfix\">\r\n\t<div class=\"layer-image-wrapper tm-animation-floating layer-blank  elementor-repeater-item-7d713aa\" style=\"\">\r\n\t<div class=\"layer-inner\">\r\n\t<\/div>\r\n<\/div>\r\n\t\t\t<\/div>\r\n\t\t\t<div class=\"clearfix\"><\/div>\r\n\t\t<\/div>\r\n\t\t\t\t\t<\/div>\n\t\t\t\t<\/div>\n\t\t\t\t\t<\/div>\n\t\t<\/div>\n\t\t\t\t\t<\/div>\n\t\t<\/section>\n\t\t\t\t<section class=\"elementor-section elementor-top-section elementor-element elementor-element-43e9eb7d elementor-section-content-middle elementor-section-boxed elementor-section-height-default elementor-section-height-default tm-col-stretched-none tm-bg-color-over-image\" data-id=\"43e9eb7d\" data-element_type=\"section\" data-e-type=\"section\">\n\t\t\t\t\t\t<div class=\"elementor-container elementor-column-gap-no\">\n\t\t\t\t\t<div class=\"elementor-column elementor-col-100 elementor-top-column elementor-element elementor-element-9bae91c tm-bg-color-over-image\" data-id=\"9bae91c\" data-element_type=\"column\" data-e-type=\"column\">\n\t\t\t<div class=\"elementor-widget-wrap elementor-element-populated\">\n\t\t\t\t\t\t<div class=\"elementor-element elementor-element-bf59fde elementor-widget elementor-widget-heading\" data-id=\"bf59fde\" data-element_type=\"widget\" data-e-type=\"widget\" data-widget_type=\"heading.default\">\n\t\t\t\t<div class=\"elementor-widget-container\">\n\t\t\t\t\t<h2 class=\"elementor-heading-title elementor-size-default\">Security New Software es un proveedor global de tecnolog\u00edas y servicios de inteligencia de amenazas, b\u00fasqueda y respuesta.<\/h2>\t\t\t\t<\/div>\n\t\t\t\t<\/div>\n\t\t\t\t<div class=\"elementor-element elementor-element-35f4f7cd elementor-widget elementor-widget-tm-ele-text-editor\" data-id=\"35f4f7cd\" data-element_type=\"widget\" data-e-type=\"widget\" data-widget_type=\"tm-ele-text-editor.default\">\n\t\t\t\t<div class=\"elementor-widget-container\">\n\t\t\t\t\t\t\t<div class=\"tm-text-editor\">\r\n\t\t<p>Combinamos experiencia comprobada de primera l\u00ednea y una plataforma abierta y extensible que ofrece automatizaci\u00f3n y colaboraci\u00f3n de inteligencia de amenazas, visibilidad forense profunda de los puntos finales, detecci\u00f3n de amenazas y respuesta.<\/p>\t\t<\/div>\r\n\t\t\t\t\t<\/div>\n\t\t\t\t<\/div>\n\t\t\t\t\t<\/div>\n\t\t<\/div>\n\t\t\t\t\t<\/div>\n\t\t<\/section>\n\t\t\t\t<section class=\"elementor-section elementor-top-section elementor-element elementor-element-424cf14 elementor-section-boxed elementor-section-height-default elementor-section-height-default tm-col-stretched-none tm-bg-color-over-image\" data-id=\"424cf14\" data-element_type=\"section\" data-e-type=\"section\">\n\t\t\t\t\t\t<div class=\"elementor-container elementor-column-gap-default\">\n\t\t\t\t\t<div class=\"elementor-column elementor-col-100 elementor-top-column elementor-element elementor-element-4141ef4 tm-bg-color-over-image\" data-id=\"4141ef4\" data-element_type=\"column\" data-e-type=\"column\" data-settings=\"{&quot;background_background&quot;:&quot;classic&quot;}\">\n\t\t\t<div class=\"elementor-widget-wrap elementor-element-populated\">\n\t\t\t\t\t\t<div class=\"elementor-element elementor-element-73de4e4 elementor-widget elementor-widget-heading\" data-id=\"73de4e4\" data-element_type=\"widget\" data-e-type=\"widget\" data-widget_type=\"heading.default\">\n\t\t\t\t<div class=\"elementor-widget-container\">\n\t\t\t\t\t<h3 class=\"elementor-heading-title elementor-size-default\">Aplique a una de nuestras posiciones disponibles:<\/h3>\t\t\t\t<\/div>\n\t\t\t\t<\/div>\n\t\t\t\t<div class=\"elementor-element elementor-element-c2e0b6b elementor-button-align-stretch elementor-widget elementor-widget-form\" data-id=\"c2e0b6b\" data-element_type=\"widget\" data-e-type=\"widget\" data-settings=\"{&quot;step_next_label&quot;:&quot;Next&quot;,&quot;step_previous_label&quot;:&quot;Previous&quot;,&quot;button_width&quot;:&quot;100&quot;,&quot;step_type&quot;:&quot;number_text&quot;,&quot;step_icon_shape&quot;:&quot;circle&quot;}\" data-widget_type=\"form.default\">\n\t\t\t\t<div class=\"elementor-widget-container\">\n\t\t\t\t\t\t\t<form class=\"elementor-form\" method=\"post\" name=\"New Form\" aria-label=\"New Form\">\n\t\t\t<input type=\"hidden\" name=\"post_id\" value=\"37777\"\/>\n\t\t\t<input type=\"hidden\" name=\"form_id\" value=\"c2e0b6b\"\/>\n\t\t\t<input type=\"hidden\" name=\"referer_title\" value=\"\u00danete a nosotros\" \/>\n\n\t\t\t\t\t\t\t<input type=\"hidden\" name=\"queried_id\" value=\"37777\"\/>\n\t\t\t\n\t\t\t<div class=\"elementor-form-fields-wrapper elementor-labels-above\">\n\t\t\t\t\t\t\t\t<div class=\"elementor-field-type-text elementor-field-group elementor-column elementor-field-group-name elementor-col-33 elementor-field-required elementor-mark-required\">\n\t\t\t\t\t\t\t\t\t\t\t\t<label for=\"form-field-name\" class=\"elementor-field-label\">\n\t\t\t\t\t\t\t\tNombre Completo\t\t\t\t\t\t\t<\/label>\n\t\t\t\t\t\t\t\t\t\t\t\t\t\t<input size=\"1\" type=\"text\" name=\"form_fields[name]\" id=\"form-field-name\" class=\"elementor-field elementor-size-sm  elementor-field-textual\" placeholder=\"Nombre\" required=\"required\">\n\t\t\t\t\t\t\t\t\t\t\t<\/div>\n\t\t\t\t\t\t\t\t<div class=\"elementor-field-type-email elementor-field-group elementor-column elementor-field-group-email elementor-col-33 elementor-field-required elementor-mark-required\">\n\t\t\t\t\t\t\t\t\t\t\t\t<label for=\"form-field-email\" class=\"elementor-field-label\">\n\t\t\t\t\t\t\t\tEmail\t\t\t\t\t\t\t<\/label>\n\t\t\t\t\t\t\t\t\t\t\t\t\t\t<input size=\"1\" type=\"email\" name=\"form_fields[email]\" id=\"form-field-email\" class=\"elementor-field elementor-size-sm  elementor-field-textual\" placeholder=\"Email\" required=\"required\">\n\t\t\t\t\t\t\t\t\t\t\t<\/div>\n\t\t\t\t\t\t\t\t<div class=\"elementor-field-type-text elementor-field-group elementor-column elementor-field-group-field_5379632 elementor-col-33\">\n\t\t\t\t\t\t\t\t\t\t\t\t<label for=\"form-field-field_5379632\" class=\"elementor-field-label\">\n\t\t\t\t\t\t\t\tTel\u00e9fono\t\t\t\t\t\t\t<\/label>\n\t\t\t\t\t\t\t\t\t\t\t\t\t\t<input size=\"1\" type=\"text\" name=\"form_fields[field_5379632]\" id=\"form-field-field_5379632\" class=\"elementor-field elementor-size-sm  elementor-field-textual\" placeholder=\"Tel\u00e9fono\">\n\t\t\t\t\t\t\t\t\t\t\t<\/div>\n\t\t\t\t\t\t\t\t<div class=\"elementor-field-type-select elementor-field-group elementor-column elementor-field-group-field_32293a3 elementor-col-33 elementor-field-required elementor-mark-required\">\n\t\t\t\t\t\t\t\t\t\t\t\t<label for=\"form-field-field_32293a3\" class=\"elementor-field-label\">\n\t\t\t\t\t\t\t\t\u00bfC\u00f3mo se enter\u00f3 de este trabajo? \t\t\t\t\t\t\t<\/label>\n\t\t\t\t\t\t\t\t<div class=\"elementor-field elementor-select-wrapper remove-before \">\n\t\t\t<div class=\"select-caret-down-wrapper\">\n\t\t\t\t<i aria-hidden=\"true\" class=\"eicon-caret-down\"><\/i>\t\t\t<\/div>\n\t\t\t<select name=\"form_fields[field_32293a3]\" id=\"form-field-field_32293a3\" class=\"elementor-field-textual elementor-size-sm\" required=\"required\">\n\t\t\t\t\t\t\t\t\t<option value=\"Sitio web de Security New Software\">Sitio web de Security New Software<\/option>\n\t\t\t\t\t\t\t\t\t<option value=\"Red\/Recomendado\">Red\/Recomendado<\/option>\n\t\t\t\t\t\t\t\t\t<option value=\"LinkedIn (en ingl\u00e9s)\">LinkedIn (en ingl\u00e9s)<\/option>\n\t\t\t\t\t\t\t\t\t<option value=\"Otro\">Otro<\/option>\n\t\t\t\t\t\t\t\t\t<option value=\"\"><\/option>\n\t\t\t\t\t\t\t<\/select>\n\t\t<\/div>\n\t\t\t\t\t\t<\/div>\n\t\t\t\t\t\t\t\t<div class=\"elementor-field-type-text elementor-field-group elementor-column elementor-field-group-field_40d4461 elementor-col-33 elementor-field-required elementor-mark-required\">\n\t\t\t\t\t\t\t\t\t\t\t\t<label for=\"form-field-field_40d4461\" class=\"elementor-field-label\">\n\t\t\t\t\t\t\t\t\u00bfCu\u00e1les son sus expectativas salariales? \t\t\t\t\t\t\t<\/label>\n\t\t\t\t\t\t\t\t\t\t\t\t\t\t<input size=\"1\" type=\"text\" name=\"form_fields[field_40d4461]\" id=\"form-field-field_40d4461\" class=\"elementor-field elementor-size-sm  elementor-field-textual\" placeholder=\"$\" required=\"required\">\n\t\t\t\t\t\t\t\t\t\t\t<\/div>\n\t\t\t\t\t\t\t\t<div class=\"elementor-field-type-upload elementor-field-group elementor-column elementor-field-group-field_606f7aa elementor-col-33\">\n\t\t\t\t\t\t\t\t\t\t\t\t<label for=\"form-field-field_606f7aa\" class=\"elementor-field-label\">\n\t\t\t\t\t\t\t\tSuba su Curriculum \t\t\t\t\t\t\t<\/label>\n\t\t\t\t\t\t\t\t<input type=\"file\" name=\"form_fields[field_606f7aa][]\" id=\"form-field-field_606f7aa\" class=\"elementor-field elementor-size-sm  elementor-upload-field\" multiple=\"multiple\" data-maxsize=\"5\" data-maxsize-message=\"Este archivo supera el tama\u00f1o m\u00e1ximo permitido.\">\n\n\t\t\t\t\t\t<\/div>\n\t\t\t\t\t\t\t\t<div class=\"elementor-field-type-textarea elementor-field-group elementor-column elementor-field-group-message elementor-col-100\">\n\t\t\t\t\t\t\t\t\t\t\t\t<label for=\"form-field-message\" class=\"elementor-field-label\">\n\t\t\t\t\t\t\t\tDatos adicionales\t\t\t\t\t\t\t<\/label>\n\t\t\t\t\t\t<textarea class=\"elementor-field-textual elementor-field  elementor-size-sm\" name=\"form_fields[message]\" id=\"form-field-message\" rows=\"2\" placeholder=\"Datos adicionales que quiera incluir\"><\/textarea>\t\t\t\t<\/div>\n\t\t\t\t\t\t\t\t<div class=\"elementor-field-type-recaptcha elementor-field-group elementor-column elementor-field-group-field_c8ce180 elementor-col-100\">\n\t\t\t\t\t<div class=\"elementor-field\" id=\"form-field-field_c8ce180\"><div class=\"elementor-g-recaptcha\" data-sitekey=\"6Lfe3UUlAAAAAGjX9wOibcm9orjYNeyl51-tSvqK\" data-type=\"v2_checkbox\" data-theme=\"light\" data-size=\"normal\"><\/div><\/div>\t\t\t\t<\/div>\n\t\t\t\t\t\t\t\t<div class=\"elementor-field-group elementor-column elementor-field-type-submit elementor-col-100 e-form__buttons\">\n\t\t\t\t\t<button class=\"elementor-button elementor-size-sm\" type=\"submit\">\n\t\t\t\t\t\t<span class=\"elementor-button-content-wrapper\">\n\t\t\t\t\t\t\t\t\t\t\t\t\t\t\t\t\t\t\t\t\t\t<span class=\"elementor-button-text\">Enviar informaci\u00f3n<\/span>\n\t\t\t\t\t\t\t\t\t\t\t\t\t<\/span>\n\t\t\t\t\t<\/button>\n\t\t\t\t<\/div>\n\t\t\t<\/div>\n\t\t<\/form>\n\t\t\t\t\t\t<\/div>\n\t\t\t\t<\/div>\n\t\t\t\t\t<\/div>\n\t\t<\/div>\n\t\t\t\t\t<\/div>\n\t\t<\/section>\n\t\t\t\t<section class=\"elementor-section elementor-top-section elementor-element elementor-element-0d53472 elementor-hidden-desktop elementor-hidden-tablet elementor-hidden-mobile elementor-section-boxed elementor-section-height-default elementor-section-height-default tm-col-stretched-none tm-bg-color-over-image\" data-id=\"0d53472\" data-element_type=\"section\" data-e-type=\"section\">\n\t\t\t\t\t\t<div class=\"elementor-container elementor-column-gap-default\">\n\t\t\t\t\t<div class=\"elementor-column elementor-col-100 elementor-top-column elementor-element elementor-element-6df34ee tm-bg-color-over-image\" data-id=\"6df34ee\" data-element_type=\"column\" data-e-type=\"column\">\n\t\t\t<div class=\"elementor-widget-wrap elementor-element-populated\">\n\t\t\t\t\t\t<div class=\"elementor-element elementor-element-62c8df7 elementor-widget elementor-widget-text-editor\" data-id=\"62c8df7\" data-element_type=\"widget\" data-e-type=\"widget\" data-widget_type=\"text-editor.default\">\n\t\t\t\t<div class=\"elementor-widget-container\">\n\t\t\t\t\t\t\t\t\t<p>Nuevo mensaje de Security New Software &#8211; \u00danete a nosotros<\/p><div><div><span>Estimado\/a<\/span><\/div><div><div><div><span>Gracias por postularse a una posici\u00f3n en Security New Software.<\/span><\/div><div><div><div><span>Hemos recibido su solicitud y nuestro equipo de Recursos Humanos la est\u00e1 revisando.<\/span><\/div><div><div><div><span>Nos pondremos en contacto con usted en breve para informarle sobre los pr\u00f3ximos pasos del proceso de selecci\u00f3n.<\/span><\/div><div><div><div><span>Agradecemos su inter\u00e9s en unirse a nuestro equipo y esperamos poder conocerlo\/a mejor.<\/span><\/div><div><div><div><span>Atentamente,<\/span><\/div><div><div><div><span>El equipo de Recursos Humanos de Security New Software<\/span><\/div><\/div><\/div><\/div><\/div><\/div><\/div><\/div><\/div><\/div><\/div><\/div><\/div><\/div>\t\t\t\t\t\t\t\t<\/div>\n\t\t\t\t<\/div>\n\t\t\t\t\t<\/div>\n\t\t<\/div>\n\t\t\t\t\t<\/div>\n\t\t<\/section>\n\t\t\t\t<\/div>\n\t\t","protected":false},"excerpt":{"rendered":"<p>Security New Software es un proveedor global de tecnolog\u00edas y servicios de inteligencia de amenazas, b\u00fasqueda y respuesta. Combinamos experiencia&#8230;<\/p>","protected":false},"author":4,"featured_media":11902,"parent":0,"menu_order":0,"comment_status":"closed","ping_status":"closed","template":"","meta":{"footnotes":""},"class_list":["post-37777","page","type-page","status-publish","has-post-thumbnail","hentry"],"_links":{"self":[{"href":"https:\/\/softsecurityware.com\/en\/wp-json\/wp\/v2\/pages\/37777","targetHints":{"allow":["GET"]}}],"collection":[{"href":"https:\/\/softsecurityware.com\/en\/wp-json\/wp\/v2\/pages"}],"about":[{"href":"https:\/\/softsecurityware.com\/en\/wp-json\/wp\/v2\/types\/page"}],"author":[{"embeddable":true,"href":"https:\/\/softsecurityware.com\/en\/wp-json\/wp\/v2\/users\/4"}],"replies":[{"embeddable":true,"href":"https:\/\/softsecurityware.com\/en\/wp-json\/wp\/v2\/comments?post=37777"}],"version-history":[{"count":37,"href":"https:\/\/softsecurityware.com\/en\/wp-json\/wp\/v2\/pages\/37777\/revisions"}],"predecessor-version":[{"id":38638,"href":"https:\/\/softsecurityware.com\/en\/wp-json\/wp\/v2\/pages\/37777\/revisions\/38638"}],"wp:featuredmedia":[{"embeddable":true,"href":"https:\/\/softsecurityware.com\/en\/wp-json\/wp\/v2\/media\/11902"}],"wp:attachment":[{"href":"https:\/\/softsecurityware.com\/en\/wp-json\/wp\/v2\/media?parent=37777"}],"curies":[{"name":"wp","href":"https:\/\/api.w.org\/{rel}","templated":true}]}}